{"id":335,"date":"2011-10-13T10:18:36","date_gmt":"2011-10-13T08:18:36","guid":{"rendered":"http:\/\/fsrer.org\/?page_id=335"},"modified":"2011-10-13T10:18:36","modified_gmt":"2011-10-13T08:18:36","slug":"gsa","status":"publish","type":"page","link":"https:\/\/fsrer.it\/site\/gsa\/","title":{"rendered":"Gruppo Speleo-Ambientalista (GSA)"},"content":{"rendered":"<p><img loading=\"lazy\" class=\"alignleft size-full wp-image-96\" title=\"logo cvsctondo_small\" src=\"https:\/\/fsrer.it\/site\/wp-content\/uploads\/2011\/11\/logogsa.png\" alt=\"\" width=\"120\" height=\"120\" \/><\/p>\n<p>Questo Gruppo nasce nel 1993 ereditando il lavoro svolto dalla Commissione speleologica costituita nel 1989. Ogni anno organizziamo un corso teorico-pratico di introduzione alla speleologia. Gli allievi vengono seguiti da istruttori qualificati della Scuola Nazionale di Speleologia del CAI. Finito il corso chi \u00e8 interessato continua l&#8217;avventura speleologica all&#8217;interno del gruppo e pu\u00f2 partecipare ai corsi interni e nazionali di specializzazione.La speleologia \u00e8 anche ricerca, studio, lavoro, fatica, amicizia e divertimento. Il gruppo frequenta e vive tuttora all&#8217;interno della vena del gesso Romagnola. Il gruppo si riunisce ogni <strong>gioved\u00ec sera<\/strong> dalle ore 21:00 presso la sede del Club Alpino Italiano sita in <strong>via Castel San Pietro 26 a Ravenna<\/strong>.<\/p>\n<p>&nbsp;<\/p>\n<p><strong>Gruppo Speleo Ambientalista CAI Ravenna<\/strong><br \/>\nc\/o sede CAI Via Castel San Pietro 26 48121 Ravenna (RA)<br \/>\n<a href=\"mailto:\/\/massimo.gambi@gmail.com\" target=\"_blank\">massimo.gambi@gmail.eu<\/a> &#8211; <a href=\"https:\/\/www.gambi.eu\/gsa\" target=\"_blank\">www.gambi.eu\/gsa<\/a><\/p>\n","protected":false},"excerpt":{"rendered":"<p>Questo Gruppo nasce nel 1993 ereditando il lavoro svolto dalla Commissione speleologica costituita nel 1989. Ogni anno organizziamo un corso teorico-pratico di introduzione alla speleologia. Gli allievi vengono seguiti da istruttori qualificati della Scuola Nazionale di Speleologia del CAI. Finito il corso chi \u00e8 interessato continua l&#8217;avventura speleologica all&#8217;interno del gruppo e pu\u00f2 partecipare ai [&hellip;]<\/p>\n","protected":false},"author":1,"featured_media":0,"parent":0,"menu_order":0,"comment_status":"closed","ping_status":"open","template":"","meta":[],"coauthors":[],"_links":{"self":[{"href":"https:\/\/fsrer.it\/site\/wp-json\/wp\/v2\/pages\/335"}],"collection":[{"href":"https:\/\/fsrer.it\/site\/wp-json\/wp\/v2\/pages"}],"about":[{"href":"https:\/\/fsrer.it\/site\/wp-json\/wp\/v2\/types\/page"}],"author":[{"embeddable":true,"href":"https:\/\/fsrer.it\/site\/wp-json\/wp\/v2\/users\/1"}],"replies":[{"embeddable":true,"href":"https:\/\/fsrer.it\/site\/wp-json\/wp\/v2\/comments?post=335"}],"version-history":[{"count":0,"href":"https:\/\/fsrer.it\/site\/wp-json\/wp\/v2\/pages\/335\/revisions"}],"wp:attachment":[{"href":"https:\/\/fsrer.it\/site\/wp-json\/wp\/v2\/media?parent=335"}],"wp:term":[{"taxonomy":"author","embeddable":true,"href":"https:\/\/fsrer.it\/site\/wp-json\/wp\/v2\/coauthors?post=335"}],"curies":[{"name":"wp","href":"https:\/\/api.w.org\/{rel}","templated":true}]}}