{"id":293,"date":"2011-10-11T15:09:16","date_gmt":"2011-10-11T13:09:16","guid":{"rendered":"http:\/\/fsrer.org\/?page_id=293"},"modified":"2011-10-11T15:09:16","modified_gmt":"2011-10-11T13:09:16","slug":"gspgc","status":"publish","type":"page","link":"https:\/\/fsrer.it\/site\/gspgc\/","title":{"rendered":"Gruppo Speleologico Paletnologico Gaetano Chierici (GSPGC) di Reggio Emilia"},"content":{"rendered":"<p><a href=\"https:\/\/www.gspgc.it\/\" target=\"_blank\"><img loading=\"lazy\" class=\"alignleft size-thumbnail wp-image-270\" title=\"cafiro-tondo\" src=\"https:\/\/fsrer.it\/site\/wp-content\/uploads\/2011\/07\/cafiro-tondo.jpg?w=150\" alt=\"\" width=\"150\" height=\"147\" srcset=\"https:\/\/fsrer.it\/site\/wp-content\/uploads\/2011\/07\/cafiro-tondo.jpg 3698w, https:\/\/fsrer.it\/site\/wp-content\/uploads\/2011\/07\/cafiro-tondo-300x295.jpg 300w, https:\/\/fsrer.it\/site\/wp-content\/uploads\/2011\/07\/cafiro-tondo-1024x1009.jpg 1024w, https:\/\/fsrer.it\/site\/wp-content\/uploads\/2011\/07\/cafiro-tondo-624x614.jpg 624w\" sizes=\"(max-width: 150px) 100vw, 150px\" \/><\/a>L&#8217;attivit\u00e0 del gruppo, culturale e di ricerca prima che sportiva, si svolge lungo diverse direttive tra esse complementari:<\/p>\n<ul>\n<li>la ricerca, l&#8217;esplorazione, il rilevamento, la protezione e lo studio delle grotte e del loro ambiente<\/li>\n<li>la continua formazione frequentando e proponendo corsi di vario livello<\/li>\n<li>la didattica con una storica produzione editoriale, pubblicazioni e mostre<\/li>\n<li>la divulgazione della consapevolezza ipogea con accompagnamenti ed escursioni sul territorio<\/li>\n<\/ul>\n<p>Sin dalla sua fondazione nel 1967, il Gruppo si \u00e8 sempre impegnato nella didattica naturalistica, legata all&#8217;attivit\u00e0 Speleologica sottolineando particolarmente l&#8217;aspetto della salvaguardia dell&#8217;ambiente: condizione indispensabile al mantenimento del territorio carsico.<br \/>\nIl Gruppo ed i suoi soci sono attivi nella SSI (Societ\u00e0 Speleologica Italiana), sia per le iniziative culturali che per la didattica. A Reggio Emilia il GSPGC \u00e8 fulcro di professionalit\u00e0 nel mondo dell\u2019emergenza tramite gli speleologi volontari del CNSAS. Collabora a diversi progetti editoriali: Speleologia, Talp, Speleologia Emiliana ed altri, Ipoantropo \u00e8 il bollettino speleo del GSPGC.<br \/>\nPresso la sede del Casino dell\u2019Orologio \u00e8 gestita una biblioteca spelologica collegata telematicamente con la biblioteca Franco Anelli di Bologna.<br \/>\nIl Gruppo partecipa attivamente alla vita sociale del territorio, dando un contributo alla gestione collettiva del Casino dell\u2019Orologio, al CEA di Albinea.<br \/>\nIl GSPGC propone attivit\u00e0 ludiche per i bimbi ed \u00e8 presenza attiva negli eventi Provinciali e Regionali. E\u2019 particolarmente attento alle tematiche relative all\u2019acqua dei territori carsici.<br \/>\nVengono organizzate visite guidate ai maggiori fenomeni carsici della provincia e zone limitrofe con percorsi sia di superficie che ipogei per fare conoscere ed apprezzare il territorio che ci circonda.<\/p>\n<p>La sede del gruppo \u00e8 in <strong>via Massenet,23 c\/o il Circolo dell&#8217;Orologio<\/strong> (rotonda dell&#8217;acquedotto) entrando nel cortile ci trovi a destra sopra gli scalini <strong>tutti i Gioved\u00ec dalle 21<\/strong>.<\/p>\n<p><strong>Gruppo Speleologico Paletnologico Gaetano Chierici<\/strong><br \/>\nvia Massenet,23 c\/o il Circolo dell&#8217;Orologio<br \/>\nReggio Emilia &#8211; <a href=\"mailto:\/\/gspgc@gspgc.it\">gspgc@gspgc.it<\/a> &#8211; <a href=\"https:\/\/www.gspgc.it\/\" target=\"_blank\">www.gspgc.it\/<\/a><\/p>\n","protected":false},"excerpt":{"rendered":"<p>L&#8217;attivit\u00e0 del gruppo, culturale e di ricerca prima che sportiva, si svolge lungo diverse direttive tra esse complementari: la ricerca, l&#8217;esplorazione, il rilevamento, la protezione e lo studio delle grotte e del loro ambiente la continua formazione frequentando e proponendo corsi di vario livello la didattica con una storica produzione editoriale, pubblicazioni e mostre la [&hellip;]<\/p>\n","protected":false},"author":1,"featured_media":0,"parent":0,"menu_order":0,"comment_status":"closed","ping_status":"closed","template":"","meta":[],"coauthors":[],"_links":{"self":[{"href":"https:\/\/fsrer.it\/site\/wp-json\/wp\/v2\/pages\/293"}],"collection":[{"href":"https:\/\/fsrer.it\/site\/wp-json\/wp\/v2\/pages"}],"about":[{"href":"https:\/\/fsrer.it\/site\/wp-json\/wp\/v2\/types\/page"}],"author":[{"embeddable":true,"href":"https:\/\/fsrer.it\/site\/wp-json\/wp\/v2\/users\/1"}],"replies":[{"embeddable":true,"href":"https:\/\/fsrer.it\/site\/wp-json\/wp\/v2\/comments?post=293"}],"version-history":[{"count":0,"href":"https:\/\/fsrer.it\/site\/wp-json\/wp\/v2\/pages\/293\/revisions"}],"wp:attachment":[{"href":"https:\/\/fsrer.it\/site\/wp-json\/wp\/v2\/media?parent=293"}],"wp:term":[{"taxonomy":"author","embeddable":true,"href":"https:\/\/fsrer.it\/site\/wp-json\/wp\/v2\/coauthors?post=293"}],"curies":[{"name":"wp","href":"https:\/\/api.w.org\/{rel}","templated":true}]}}