{"id":291,"date":"2011-10-11T15:08:08","date_gmt":"2011-10-11T13:08:08","guid":{"rendered":"http:\/\/fsrer.org\/?page_id=291"},"modified":"2013-04-03T07:56:18","modified_gmt":"2013-04-03T05:56:18","slug":"gsb-usb","status":"publish","type":"page","link":"https:\/\/fsrer.it\/site\/gsb-usb\/","title":{"rendered":"Gruppo Speleologico Bolognese \u2013 Unione Speleologica Bolognese (GSB-USB)"},"content":{"rendered":"<p><a href=\"https:\/\/www.gsb-usb.it\" target=\"_blank\"><img loading=\"lazy\" class=\"alignleft size-thumbnail wp-image-268\" title=\"logo GSB-USB\" src=\"https:\/\/fsrer.it\/site\/wp-content\/uploads\/2013\/04\/logo2-gsb-usb.png\" alt=\"\" width=\"150\" height=\"105\" \/><\/a>Il Gruppo Speleologico Bolognese (GSB), fondato in Bologna nel 1932 ad opera di Luigi Fantini e l\u2019Unione Speleologica Bolognese (USB), fondata in Bologna nel 1957, sono Associazioni libere ed indipendenti, senza fini di lucro, ed hanno per scopo l&#8217;esplorazione, lo studio, la protezione e la valorizzazione dei fenomeni carsici ipogei ed epigei ed ogni altra attivit\u00e0 connessa con la speleologia in cavit\u00e0 naturali od artificiali.<br \/>\nInsieme dal 1979, GSB ed USB promuovono, organizzano e svolgono indagini, ricognizioni e ricerche di carattere speleologico e speleoarcheologico in cavit\u00e0 naturali od artificiali, curano la pubblicazione dei risultati conseguiti dalle varie attivit\u00e0, la diffusione della speleologia mediante conferenze, mostre, corsi, visite guidate, manifestazioni, promuovono inoltre la prevenzione degli incidenti, sostengono l\u2019organizzazione del soccorso in grotta, esercitano<strong> <\/strong>la difesa, la valorizzazione delle cavit\u00e0 naturali ed artificiali, delle aree carsiche e la tutela dell&#8217;ambiente.<br \/>\nA tali scopi GSB ed USB collaborano con altre Associazioni cittadine, regionali, nazionali ed internazionali, con studiosi ed istituti universitari, nonch\u00e9 con Enti pubblici e privati.<br \/>\nLa ricerca \u00e8 estesa ad innumerevoli aree carsiche italiane ed estere ed \u00e8 articolata in diverse fasi, che vanno dal reperimento delle cavit\u00e0, alla loro esplorazione, al rilevamento e che si concludono di norma con studi specifici, caratterizzati da diversi gradi di approfondimento.<br \/>\nGrande attenzione viene rivolta alla salvaguardia dell\u2019ambiente carsico e delle grotte in particolare: i Gruppi sono infatti impegnati nella progettazione ed esecuzione di opere tese a proteggere l\u2019integrit\u00e0 del patrimonio carsico, nel monitoraggio ambientale delle grotte e nell\u2019accompagnamento dei Gruppi Speleologici nelle cavit\u00e0 ad accesso regolamentato, in base alle Convenzioni sottoscritte con il Parco Regionale dei Gessi Bolognesi.<br \/>\nUn altro importante settore dell\u2019attivit\u00e0 riguarda l\u2019esplorazione e lo studio di cavit\u00e0 artificiali, che nell\u2019ultimo decennio ha visto GSB-USB operare per il catasto dei rifugi e degli apprestamenti militari e civili situati nel perimetro del Parco Regionale Storico di Monte Sole, delle cave di pietra arenacea della Rupe di Sasso Marconi e \u2013 soprattutto &#8211; per il rilevamento dell\u2019Acquedotto Romano e delle altre antiche strutture acquedottistiche ipogee di Bologna. Quest\u2019ultima ricerca \u00e8 stata documentata da una ponderosa pubblicazione, \u00e8dita dal GSB-USB nel dicembre 2010 e dal titolo \u201cGli Antichi Acquedotti di Bologna; le nuove scoperte, i nuovi studi\u201d.<br \/>\nLa formazione dello speleologo \u00e8 curata dalla Scuola di Speleologia di Bologna, fondata dal GSB nel 1961, che ogni anno organizza un Corso di 1\u00b0 Livello, omologato dalla Commissione Nazionale Scuole di Speleologia della Societ\u00e0 Speleologica Italiana.<br \/>\nTutte le attivit\u00e0, comprese quelle esplorative, sono organizzate durante la riunione dei Gruppi, che si tiene in Sede<strong> tutti i gioved\u00ec<\/strong>, dalle 21 alle 23, presso il <strong>Cassero di Porta Lame in Piazza VII Novembre 1944, N. 7<\/strong>.<br \/>\nSempre presso la Sede dei Gruppi \u00e8 possibile visitare il \u201cMuseo Speleologico Luigi Fantini\u201d \u2013 inserito nella rete museale provinciale &#8211; che \u00e8 aperto al pubblico il luned\u00ec ed il gioved\u00ec sera, dalle 21 alle 23, nonch\u00e9 la Biblioteca, ricca di migliaia di pubblicazioni di argomento speleologico.<\/p>\n<p><strong>Gruppo Speleologico Bolognese<\/strong> &#8211; <strong>Unione Speleologica Bolognese<br \/>\n<\/strong>Cassero di Porta Lame, Piazza VII Novembre 1944, n\u00b0 7<br \/>\n40122 &#8211; Bologna &#8211; <a href=\"mailto:info@gsb-usb.it\">info@gsb-usb.it<\/a> &#8211; <a href=\"https:\/\/www.gsb-usb.it\" target=\"_blank\">www.gsb-usb.it<\/a><\/p>\n","protected":false},"excerpt":{"rendered":"<p>Il Gruppo Speleologico Bolognese (GSB), fondato in Bologna nel 1932 ad opera di Luigi Fantini e l\u2019Unione Speleologica Bolognese (USB), fondata in Bologna nel 1957, sono Associazioni libere ed indipendenti, senza fini di lucro, ed hanno per scopo l&#8217;esplorazione, lo studio, la protezione e la valorizzazione dei fenomeni carsici ipogei ed epigei ed ogni altra [&hellip;]<\/p>\n","protected":false},"author":1,"featured_media":0,"parent":0,"menu_order":0,"comment_status":"closed","ping_status":"closed","template":"","meta":[],"coauthors":[],"_links":{"self":[{"href":"https:\/\/fsrer.it\/site\/wp-json\/wp\/v2\/pages\/291"}],"collection":[{"href":"https:\/\/fsrer.it\/site\/wp-json\/wp\/v2\/pages"}],"about":[{"href":"https:\/\/fsrer.it\/site\/wp-json\/wp\/v2\/types\/page"}],"author":[{"embeddable":true,"href":"https:\/\/fsrer.it\/site\/wp-json\/wp\/v2\/users\/1"}],"replies":[{"embeddable":true,"href":"https:\/\/fsrer.it\/site\/wp-json\/wp\/v2\/comments?post=291"}],"version-history":[{"count":1,"href":"https:\/\/fsrer.it\/site\/wp-json\/wp\/v2\/pages\/291\/revisions"}],"predecessor-version":[{"id":505,"href":"https:\/\/fsrer.it\/site\/wp-json\/wp\/v2\/pages\/291\/revisions\/505"}],"wp:attachment":[{"href":"https:\/\/fsrer.it\/site\/wp-json\/wp\/v2\/media?parent=291"}],"wp:term":[{"taxonomy":"author","embeddable":true,"href":"https:\/\/fsrer.it\/site\/wp-json\/wp\/v2\/coauthors?post=291"}],"curies":[{"name":"wp","href":"https:\/\/api.w.org\/{rel}","templated":true}]}}