{"id":1415,"date":"2019-12-18T21:51:30","date_gmt":"2019-12-18T20:51:30","guid":{"rendered":"http:\/\/fsrer.it\/site\/?page_id=1415"},"modified":"2019-12-18T22:01:39","modified_gmt":"2019-12-18T21:01:39","slug":"gga","status":"publish","type":"page","link":"https:\/\/fsrer.it\/site\/gga\/","title":{"rendered":"Gruppo Grotte Ariminum"},"content":{"rendered":"<p><img loading=\"lazy\" class=\"wp-image-1417 alignleft\" src=\"https:\/\/fsrer.it\/site\/wp-content\/uploads\/2019\/12\/gga.png\" alt=\"\" width=\"120\" height=\"148\" srcset=\"https:\/\/fsrer.it\/site\/wp-content\/uploads\/2019\/12\/gga.png 512w, https:\/\/fsrer.it\/site\/wp-content\/uploads\/2019\/12\/gga-243x300.png 243w\" sizes=\"(max-width: 120px) 100vw, 120px\" \/>Formatosi all\u2019interno del CAI Sezione di Rimini nell\u2019 anno 2015. I soci fondatori hanno frequentato un corso di introduzione alla speleologia presso un altro gruppi fuori provincia: entusiasti di questa esperienza e consapevoli della mancanza di un gruppo speleologico nel territorio riminese, hanno deciso di costituirlo, grazie anche al supporto dalla sezione del CAI di Rimini di cui sono tutti soci.<br \/>\nPartendo da zero la priorit\u00e0 del neo formato gruppo \u00e8 stata la formazione e, in questi 5 anni di attivit\u00e0, sono stati svolti 5 corsi di Avviamento alla Speleologia e un corso avanzato in tecnica d\u2019armo. Le finalit\u00e0 del Gruppo sono la pratica speleologica, la divulgazione, la ricerca, lo studio, l\u2019accatastamento e l\u2019esplorazione delle cavit\u00e0 ipogee naturali e artificiali.<\/p>\n<p>&nbsp;<\/p>\n<p>&nbsp;<\/p>\n<p>&nbsp;<\/p>\n<p><strong>Gruppo Grotte Ariminum CAI<\/strong><br \/>\nSezione CAI di Rimini<br \/>\nVia de Warthema, 26<br \/>\n47922 Rimini<\/p>\n","protected":false},"excerpt":{"rendered":"<p>Formatosi all\u2019interno del CAI Sezione di Rimini nell\u2019 anno 2015. I soci fondatori hanno frequentato un corso di introduzione alla speleologia presso un altro gruppi fuori provincia: entusiasti di questa esperienza e consapevoli della mancanza di un gruppo speleologico nel territorio riminese, hanno deciso di costituirlo, grazie anche al supporto dalla sezione del CAI di [&hellip;]<\/p>\n","protected":false},"author":1,"featured_media":0,"parent":0,"menu_order":0,"comment_status":"closed","ping_status":"closed","template":"","meta":[],"coauthors":[30],"_links":{"self":[{"href":"https:\/\/fsrer.it\/site\/wp-json\/wp\/v2\/pages\/1415"}],"collection":[{"href":"https:\/\/fsrer.it\/site\/wp-json\/wp\/v2\/pages"}],"about":[{"href":"https:\/\/fsrer.it\/site\/wp-json\/wp\/v2\/types\/page"}],"author":[{"embeddable":true,"href":"https:\/\/fsrer.it\/site\/wp-json\/wp\/v2\/users\/1"}],"replies":[{"embeddable":true,"href":"https:\/\/fsrer.it\/site\/wp-json\/wp\/v2\/comments?post=1415"}],"version-history":[{"count":9,"href":"https:\/\/fsrer.it\/site\/wp-json\/wp\/v2\/pages\/1415\/revisions"}],"predecessor-version":[{"id":1427,"href":"https:\/\/fsrer.it\/site\/wp-json\/wp\/v2\/pages\/1415\/revisions\/1427"}],"wp:attachment":[{"href":"https:\/\/fsrer.it\/site\/wp-json\/wp\/v2\/media?parent=1415"}],"wp:term":[{"taxonomy":"author","embeddable":true,"href":"https:\/\/fsrer.it\/site\/wp-json\/wp\/v2\/coauthors?post=1415"}],"curies":[{"name":"wp","href":"https:\/\/api.w.org\/{rel}","templated":true}]}}